{"id":28,"date":"2024-08-29T16:28:00","date_gmt":"2024-08-29T16:28:00","guid":{"rendered":"https:\/\/arrogancemirror.com\/home\/"},"modified":"2024-09-26T09:10:20","modified_gmt":"2024-09-26T09:10:20","slug":"fooldal","status":"publish","type":"page","link":"https:\/\/arrogancemirror.com\/de\/","title":{"rendered":"F\u0151oldal"},"content":{"rendered":"<div data-elementor-type=\"wp-page\" data-elementor-id=\"28\" class=\"elementor elementor-28\" data-elementor-post-type=\"page\">\n\t\t\t\t<div class=\"elementor-element elementor-element-db51fda e-flex e-con-boxed e-con e-parent\" data-id=\"db51fda\" data-element_type=\"container\">\n\t\t\t\t\t<div class=\"e-con-inner\">\n\t\t<div class=\"elementor-element elementor-element-61d06da e-con-full e-flex e-con e-child\" data-id=\"61d06da\" data-element_type=\"container\">\n\t\t\t\t<div class=\"elementor-element elementor-element-5a88d73 elementor-invisible elementor-widget elementor-widget-heading\" data-id=\"5a88d73\" data-element_type=\"widget\" data-settings=\"{&quot;_animation&quot;:&quot;fadeInUp&quot;}\" data-widget_type=\"heading.default\">\n\t\t\t\t<div class=\"elementor-widget-container\">\n\t\t\t\t\t<h6 class=\"elementor-heading-title elementor-size-default\">Megjelent!<\/h6>\t\t\t\t<\/div>\n\t\t\t\t<\/div>\n\t\t\t\t<div class=\"elementor-element elementor-element-5d6e2d6 elementor-invisible elementor-widget elementor-widget-heading\" data-id=\"5d6e2d6\" data-element_type=\"widget\" data-settings=\"{&quot;_animation&quot;:&quot;fadeInUp&quot;,&quot;_animation_delay&quot;:200}\" data-widget_type=\"heading.default\">\n\t\t\t\t<div class=\"elementor-widget-container\">\n\t\t\t\t\t<h2 class=\"elementor-heading-title elementor-size-default\">Arrogance<\/h2>\t\t\t\t<\/div>\n\t\t\t\t<\/div>\n\t\t\t\t<div class=\"elementor-element elementor-element-4a0c09a elementor-invisible elementor-widget elementor-widget-heading\" data-id=\"4a0c09a\" data-element_type=\"widget\" data-settings=\"{&quot;_animation&quot;:&quot;fadeInUp&quot;,&quot;_animation_delay&quot;:400}\" data-widget_type=\"heading.default\">\n\t\t\t\t<div class=\"elementor-widget-container\">\n\t\t\t\t\t<h2 class=\"elementor-heading-title elementor-size-default\">Mirror<\/h2>\t\t\t\t<\/div>\n\t\t\t\t<\/div>\n\t\t\t\t<div class=\"elementor-element elementor-element-4a5b99a elementor-invisible elementor-widget elementor-widget-text-editor\" data-id=\"4a5b99a\" data-element_type=\"widget\" data-settings=\"{&quot;_animation&quot;:&quot;fadeInUp&quot;,&quot;_animation_delay&quot;:600}\" data-widget_type=\"text-editor.default\">\n\t\t\t\t<div class=\"elementor-widget-container\">\n\t\t\t\t\t\t\t\t\t<p>Justo habitant at augue ac sed proin consectetur ac urna nisl elit nulla facilisis viverra dolor sagittis nisi risus egestas adipiscing nibh euismod.<\/p>\t\t\t\t\t\t\t\t<\/div>\n\t\t\t\t<\/div>\n\t\t<div class=\"elementor-element elementor-element-ac72ace e-con-full e-flex elementor-invisible e-con e-child\" data-id=\"ac72ace\" data-element_type=\"container\" data-settings=\"{&quot;animation&quot;:&quot;fadeInUp&quot;,&quot;animation_delay&quot;:800}\">\n\t\t\t\t<div class=\"elementor-element elementor-element-e43995b elementor-mobile-align-center elementor-widget elementor-widget-button\" data-id=\"e43995b\" data-element_type=\"widget\" data-widget_type=\"button.default\">\n\t\t\t\t<div class=\"elementor-widget-container\">\n\t\t\t\t\t\t\t\t\t<div class=\"elementor-button-wrapper\">\n\t\t\t\t\t<a class=\"elementor-button elementor-button-link elementor-size-sm\" href=\"https:\/\/arrogancemirror.com\/de\/konyvrol\/\">\n\t\t\t\t\t\t<span class=\"elementor-button-content-wrapper\">\n\t\t\t\t\t\t\t\t\t<span class=\"elementor-button-text\">A k\u00f6nyvr\u0151l<\/span>\n\t\t\t\t\t<\/span>\n\t\t\t\t\t<\/a>\n\t\t\t\t<\/div>\n\t\t\t\t\t\t\t\t<\/div>\n\t\t\t\t<\/div>\n\t\t\t\t<\/div>\n\t\t\t\t<\/div>\n\t\t<div class=\"elementor-element elementor-element-74f72b9 e-con-full animated-slow e-flex elementor-invisible e-con e-child\" data-id=\"74f72b9\" data-element_type=\"container\" data-settings=\"{&quot;animation&quot;:&quot;fadeIn&quot;,&quot;animation_delay&quot;:200}\">\n\t\t\t\t<div class=\"elementor-element elementor-element-d81619c elementor-widget elementor-widget-image\" data-id=\"d81619c\" data-element_type=\"widget\" data-widget_type=\"image.default\">\n\t\t\t\t<div class=\"elementor-widget-container\">\n\t\t\t\t\t\t\t\t\t\t\t\t\t\t\t<img fetchpriority=\"high\" decoding=\"async\" width=\"1080\" height=\"1080\" src=\"https:\/\/arrogancemirror.com\/wp-content\/uploads\/2024\/09\/Untitled-design-40.png\" class=\"attachment-full size-full wp-image-1110\" alt=\"\" srcset=\"https:\/\/arrogancemirror.com\/wp-content\/uploads\/2024\/09\/Untitled-design-40.png 1080w, https:\/\/arrogancemirror.com\/wp-content\/uploads\/2024\/09\/Untitled-design-40-300x300.png 300w, https:\/\/arrogancemirror.com\/wp-content\/uploads\/2024\/09\/Untitled-design-40-1024x1024.png 1024w, https:\/\/arrogancemirror.com\/wp-content\/uploads\/2024\/09\/Untitled-design-40-150x150.png 150w, https:\/\/arrogancemirror.com\/wp-content\/uploads\/2024\/09\/Untitled-design-40-768x768.png 768w\" sizes=\"(max-width: 1080px) 100vw, 1080px\" \/>\t\t\t\t\t\t\t\t\t\t\t\t\t\t\t<\/div>\n\t\t\t\t<\/div>\n\t\t\t\t<\/div>\n\t\t\t\t\t<\/div>\n\t\t\t\t<\/div>\n\t\t<div class=\"elementor-element elementor-element-6cbda9f e-flex e-con-boxed e-con e-parent\" data-id=\"6cbda9f\" data-element_type=\"container\" data-settings=\"{&quot;background_background&quot;:&quot;classic&quot;}\">\n\t\t\t\t\t<div class=\"e-con-inner\">\n\t\t<div class=\"elementor-element elementor-element-09bc2b6 e-con-full e-flex e-con e-child\" data-id=\"09bc2b6\" data-element_type=\"container\">\n\t\t\t\t<div class=\"elementor-element elementor-element-9c77052 elementor-widget elementor-widget-heading\" data-id=\"9c77052\" data-element_type=\"widget\" data-widget_type=\"heading.default\">\n\t\t\t\t<div class=\"elementor-widget-container\">\n\t\t\t\t\t<h2 class=\"elementor-heading-title elementor-size-default\">Mir\u0151l sz\u00f3l a k\u00f6nyv?<\/h2>\t\t\t\t<\/div>\n\t\t\t\t<\/div>\n\t\t\t\t<div class=\"elementor-element elementor-element-25ac9e2 elementor-widget elementor-widget-text-editor\" data-id=\"25ac9e2\" data-element_type=\"widget\" data-widget_type=\"text-editor.default\">\n\t\t\t\t<div class=\"elementor-widget-container\">\n\t\t\t\t\t\t\t\t\t<p>teszt\u00a0<\/p>\t\t\t\t\t\t\t\t<\/div>\n\t\t\t\t<\/div>\n\t\t\t\t<div class=\"elementor-element elementor-element-0aa7a5f elementor-mobile-align-center elementor-widget elementor-widget-button\" data-id=\"0aa7a5f\" data-element_type=\"widget\" data-widget_type=\"button.default\">\n\t\t\t\t<div class=\"elementor-widget-container\">\n\t\t\t\t\t\t\t\t\t<div class=\"elementor-button-wrapper\">\n\t\t\t\t\t<a class=\"elementor-button elementor-button-link elementor-size-sm\" href=\"https:\/\/arrogancemirror.com\/de\/konyvrol\/\">\n\t\t\t\t\t\t<span class=\"elementor-button-content-wrapper\">\n\t\t\t\t\t\t\t\t\t<span class=\"elementor-button-text\">Tov\u00e1bb<\/span>\n\t\t\t\t\t<\/span>\n\t\t\t\t\t<\/a>\n\t\t\t\t<\/div>\n\t\t\t\t\t\t\t\t<\/div>\n\t\t\t\t<\/div>\n\t\t\t\t<\/div>\n\t\t<div class=\"elementor-element elementor-element-65d2040 e-con-full e-flex e-con e-child\" data-id=\"65d2040\" data-element_type=\"container\">\n\t\t\t\t<div class=\"elementor-element elementor-element-5e86702 elementor-widget elementor-widget-image\" data-id=\"5e86702\" data-element_type=\"widget\" data-widget_type=\"image.default\">\n\t\t\t\t<div class=\"elementor-widget-container\">\n\t\t\t\t\t\t\t\t\t\t\t\t\t\t\t<img decoding=\"async\" width=\"1024\" height=\"1024\" src=\"https:\/\/arrogancemirror.com\/wp-content\/uploads\/2024\/09\/Untitled-design-63-1024x1024.png\" class=\"attachment-large size-large wp-image-1123\" alt=\"\" srcset=\"https:\/\/arrogancemirror.com\/wp-content\/uploads\/2024\/09\/Untitled-design-63-1024x1024.png 1024w, https:\/\/arrogancemirror.com\/wp-content\/uploads\/2024\/09\/Untitled-design-63-300x300.png 300w, https:\/\/arrogancemirror.com\/wp-content\/uploads\/2024\/09\/Untitled-design-63-150x150.png 150w, https:\/\/arrogancemirror.com\/wp-content\/uploads\/2024\/09\/Untitled-design-63-768x768.png 768w, https:\/\/arrogancemirror.com\/wp-content\/uploads\/2024\/09\/Untitled-design-63.png 1080w\" sizes=\"(max-width: 1024px) 100vw, 1024px\" \/>\t\t\t\t\t\t\t\t\t\t\t\t\t\t\t<\/div>\n\t\t\t\t<\/div>\n\t\t\t\t<\/div>\n\t\t\t\t\t<\/div>\n\t\t\t\t<\/div>\n\t\t<div class=\"elementor-element elementor-element-653f1c9 e-flex e-con-boxed e-con e-parent\" data-id=\"653f1c9\" data-element_type=\"container\" data-settings=\"{&quot;background_background&quot;:&quot;classic&quot;}\">\n\t\t\t\t\t<div class=\"e-con-inner\">\n\t\t<div class=\"elementor-element elementor-element-2035429 e-con-full e-flex e-con e-child\" data-id=\"2035429\" data-element_type=\"container\">\n\t\t\t\t<div class=\"elementor-element elementor-element-0239228 elementor-view-framed elementor-shape-circle elementor-widget elementor-widget-icon\" data-id=\"0239228\" data-element_type=\"widget\" data-widget_type=\"icon.default\">\n\t\t\t\t<div class=\"elementor-widget-container\">\n\t\t\t\t\t\t\t<div class=\"elementor-icon-wrapper\">\n\t\t\t<a class=\"elementor-icon\" href=\"#\">\n\t\t\t<svg aria-hidden=\"true\" class=\"e-font-icon-svg e-fas-smile-wink\" viewbox=\"0 0 496 512\" xmlns=\"http:\/\/www.w3.org\/2000\/svg\"><path d=\"M0 256c0 137 111 248 248 248s248-111 248-248S385 8 248 8 0 119 0 256zm200-48c0 17.7-14.3 32-32 32s-32-14.3-32-32 14.3-32 32-32 32 14.3 32 32zm158.5 16.5c-14.8-13.2-46.2-13.2-61 0L288 233c-8.3 7.4-21.6.4-19.8-10.8 4-25.2 34.2-42.1 59.9-42.1S384 197 388 222.2c1.7 11.1-11.4 18.3-19.8 10.8l-9.7-8.5zM157.8 325.8C180.2 352.7 213 368 248 368s67.8-15.4 90.2-42.2c13.6-16.2 38.1 4.2 24.6 20.5C334.3 380.4 292.5 400 248 400s-86.3-19.6-114.8-53.8c-13.5-16.3 11.2-36.7 24.6-20.4z\"><\/path><\/svg>\t\t\t<\/a>\n\t\t<\/div>\n\t\t\t\t\t\t<\/div>\n\t\t\t\t<\/div>\n\t\t\t\t<\/div>\n\t\t<div class=\"elementor-element elementor-element-9964fe2 e-con-full e-flex e-con e-child\" data-id=\"9964fe2\" data-element_type=\"container\">\n\t\t\t\t<div class=\"elementor-element elementor-element-101a4c7 elementor-widget elementor-widget-heading\" data-id=\"101a4c7\" data-element_type=\"widget\" data-widget_type=\"heading.default\">\n\t\t\t\t<div class=\"elementor-widget-container\">\n\t\t\t\t\t<h2 class=\"elementor-heading-title elementor-size-default\">MIT JELENT  AZ arrogancemirror?<\/h2>\t\t\t\t<\/div>\n\t\t\t\t<\/div>\n\t\t\t\t<div class=\"elementor-element elementor-element-8cc005a elementor-widget elementor-widget-text-editor\" data-id=\"8cc005a\" data-element_type=\"widget\" data-widget_type=\"text-editor.default\">\n\t\t\t\t<div class=\"elementor-widget-container\">\n\t\t\t\t\t\t\t\t\tTudom, hogy nem l\u00e9tezik ilyen sz\u00f3, hogy &#8222;arroganciat\u00fck\u00f6r&#8221;, ezt \u00e9n kre\u00e1ltam, l\u00e9tez\u0151 fizikai t\u00fck\u00f6r, amiben a saj\u00e1t arroganci\u00e1d \u00e9szreveszi a t\u00fck\u00f6rk\u00e9p\u00e9t, de mivel arrog\u00e1ns \u00e9s fel\u00fcl akar kerekedni, ez\u00e9rt a t\u00fck\u00f6rb\u00e9li arrogancia er\u0151sebb lesz, de ekkor a te arroganci\u00e1d is fel\u00fcl akar kerekedni, \u00edgy teh\u00e1t egy k\u00f6rk\u00f6r\u00f6s k\u00f6rbe, egy v\u00e9gel\u00e1thatatlan folyamatba ker\u00fclnek. Ez maga az arroganciat\u00fck\u00f6r &#8211; \u00e9s ennek l\u00e9tez\u00e9s\u00e9re h\u00edvom fel a figyelmet a reg\u00e9nyben.\n\t\t\t\t\t\t\t\t<\/div>\n\t\t\t\t<\/div>\n\t\t\t\t<\/div>\n\t\t\t\t\t<\/div>\n\t\t\t\t<\/div>\n\t\t<div class=\"elementor-element elementor-element-df57a48 e-flex e-con-boxed e-con e-parent\" data-id=\"df57a48\" data-element_type=\"container\">\n\t\t\t\t\t<div class=\"e-con-inner\">\n\t\t\t\t<div class=\"elementor-element elementor-element-d6e5bb3 elementor-widget elementor-widget-heading\" data-id=\"d6e5bb3\" data-element_type=\"widget\" data-widget_type=\"heading.default\">\n\t\t\t\t<div class=\"elementor-widget-container\">\n\t\t\t\t\t<h2 class=\"elementor-heading-title elementor-size-default\">Blog<\/h2>\t\t\t\t<\/div>\n\t\t\t\t<\/div>\n\t\t\t\t<div class=\"elementor-element elementor-element-a7d963b elementor-grid-3 elementor-grid-tablet-2 elementor-grid-mobile-1 elementor-posts--thumbnail-top elementor-widget elementor-widget-posts\" data-id=\"a7d963b\" data-element_type=\"widget\" data-settings=\"{&quot;classic_columns&quot;:&quot;3&quot;,&quot;classic_columns_tablet&quot;:&quot;2&quot;,&quot;classic_columns_mobile&quot;:&quot;1&quot;,&quot;classic_row_gap&quot;:{&quot;unit&quot;:&quot;px&quot;,&quot;size&quot;:35,&quot;sizes&quot;:[]},&quot;classic_row_gap_tablet&quot;:{&quot;unit&quot;:&quot;px&quot;,&quot;size&quot;:&quot;&quot;,&quot;sizes&quot;:[]},&quot;classic_row_gap_mobile&quot;:{&quot;unit&quot;:&quot;px&quot;,&quot;size&quot;:&quot;&quot;,&quot;sizes&quot;:[]}}\" data-widget_type=\"posts.classic\">\n\t\t\t\t<div class=\"elementor-widget-container\">\n\t\t\t\t\t\t\t<div class=\"elementor-posts-container elementor-posts elementor-posts--skin-classic elementor-grid\">\n\t\t\t\t<article class=\"elementor-post elementor-grid-item post-579 post type-post status-publish format-standard has-post-thumbnail hentry category-uncategorized\">\n\t\t\t\t<a class=\"elementor-post__thumbnail__link\" href=\"https:\/\/arrogancemirror.com\/de\/outing-justo-morbi-wild\/\" tabindex=\"-1\" >\n\t\t\t<div class=\"elementor-post__thumbnail\"><img decoding=\"async\" width=\"300\" height=\"180\" src=\"https:\/\/arrogancemirror.com\/wp-content\/uploads\/2021\/05\/author-book-store-blog-img-03-300x180.jpg\" class=\"attachment-medium size-medium wp-image-558\" alt=\"\" srcset=\"https:\/\/arrogancemirror.com\/wp-content\/uploads\/2021\/05\/author-book-store-blog-img-03-300x180.jpg 300w, https:\/\/arrogancemirror.com\/wp-content\/uploads\/2021\/05\/author-book-store-blog-img-03-1024x614.jpg 1024w, https:\/\/arrogancemirror.com\/wp-content\/uploads\/2021\/05\/author-book-store-blog-img-03-768x461.jpg 768w, https:\/\/arrogancemirror.com\/wp-content\/uploads\/2021\/05\/author-book-store-blog-img-03-600x360.jpg 600w, https:\/\/arrogancemirror.com\/wp-content\/uploads\/2021\/05\/author-book-store-blog-img-03.jpg 1200w\" sizes=\"(max-width: 300px) 100vw, 300px\" \/><\/div>\n\t\t<\/a>\n\t\t\t\t<div class=\"elementor-post__text\">\n\t\t\t\t<h3 class=\"elementor-post__title\">\n\t\t\t<a href=\"https:\/\/arrogancemirror.com\/de\/outing-justo-morbi-wild\/\" >\n\t\t\t\tOuting justo morbi wild\t\t\t<\/a>\n\t\t<\/h3>\n\t\t\t\t<div class=\"elementor-post__meta-data\">\n\t\t\t\t\t<span class=\"elementor-post-date\">\n\t\t\tAugust 29, 2024\t\t<\/span>\n\t\t\t\t<\/div>\n\t\t\n\t\t<a class=\"elementor-post__read-more\" href=\"https:\/\/arrogancemirror.com\/de\/outing-justo-morbi-wild\/\" aria-label=\"Read more about Outing justo morbi wild\" tabindex=\"-1\" >\n\t\t\tTov\u00e1bb olvasom  \u00bb\t\t<\/a>\n\n\t\t\t\t<\/div>\n\t\t\t\t<\/article>\n\t\t\t\t<article class=\"elementor-post elementor-grid-item post-569 post type-post status-publish format-standard has-post-thumbnail hentry category-uncategorized\">\n\t\t\t\t<a class=\"elementor-post__thumbnail__link\" href=\"https:\/\/arrogancemirror.com\/de\/eget-elementum-on-train\/\" tabindex=\"-1\" >\n\t\t\t<div class=\"elementor-post__thumbnail\"><img loading=\"lazy\" decoding=\"async\" width=\"300\" height=\"180\" src=\"https:\/\/arrogancemirror.com\/wp-content\/uploads\/2021\/05\/author-book-store-blog-img-02-300x180.jpg\" class=\"attachment-medium size-medium wp-image-559\" alt=\"\" srcset=\"https:\/\/arrogancemirror.com\/wp-content\/uploads\/2021\/05\/author-book-store-blog-img-02-300x180.jpg 300w, https:\/\/arrogancemirror.com\/wp-content\/uploads\/2021\/05\/author-book-store-blog-img-02-1024x614.jpg 1024w, https:\/\/arrogancemirror.com\/wp-content\/uploads\/2021\/05\/author-book-store-blog-img-02-768x461.jpg 768w, https:\/\/arrogancemirror.com\/wp-content\/uploads\/2021\/05\/author-book-store-blog-img-02-600x360.jpg 600w, https:\/\/arrogancemirror.com\/wp-content\/uploads\/2021\/05\/author-book-store-blog-img-02.jpg 1200w\" sizes=\"(max-width: 300px) 100vw, 300px\" \/><\/div>\n\t\t<\/a>\n\t\t\t\t<div class=\"elementor-post__text\">\n\t\t\t\t<h3 class=\"elementor-post__title\">\n\t\t\t<a href=\"https:\/\/arrogancemirror.com\/de\/eget-elementum-on-train\/\" >\n\t\t\t\tEget elementum on train\t\t\t<\/a>\n\t\t<\/h3>\n\t\t\t\t<div class=\"elementor-post__meta-data\">\n\t\t\t\t\t<span class=\"elementor-post-date\">\n\t\t\tAugust 29, 2024\t\t<\/span>\n\t\t\t\t<\/div>\n\t\t\n\t\t<a class=\"elementor-post__read-more\" href=\"https:\/\/arrogancemirror.com\/de\/eget-elementum-on-train\/\" aria-label=\"Read more about Eget elementum on train\" tabindex=\"-1\" >\n\t\t\tTov\u00e1bb olvasom  \u00bb\t\t<\/a>\n\n\t\t\t\t<\/div>\n\t\t\t\t<\/article>\n\t\t\t\t<article class=\"elementor-post elementor-grid-item post-553 post type-post status-publish format-standard has-post-thumbnail hentry category-uncategorized\">\n\t\t\t\t<a class=\"elementor-post__thumbnail__link\" href=\"https:\/\/arrogancemirror.com\/de\/visit-sagittis-malesuada-vestibulum\/\" tabindex=\"-1\" >\n\t\t\t<div class=\"elementor-post__thumbnail\"><img loading=\"lazy\" decoding=\"async\" width=\"300\" height=\"180\" src=\"https:\/\/arrogancemirror.com\/wp-content\/uploads\/2021\/05\/author-book-store-blog-img-01-300x180.jpg\" class=\"attachment-medium size-medium wp-image-560\" alt=\"\" srcset=\"https:\/\/arrogancemirror.com\/wp-content\/uploads\/2021\/05\/author-book-store-blog-img-01-300x180.jpg 300w, https:\/\/arrogancemirror.com\/wp-content\/uploads\/2021\/05\/author-book-store-blog-img-01-1024x614.jpg 1024w, https:\/\/arrogancemirror.com\/wp-content\/uploads\/2021\/05\/author-book-store-blog-img-01-768x461.jpg 768w, https:\/\/arrogancemirror.com\/wp-content\/uploads\/2021\/05\/author-book-store-blog-img-01-600x360.jpg 600w, https:\/\/arrogancemirror.com\/wp-content\/uploads\/2021\/05\/author-book-store-blog-img-01.jpg 1200w\" sizes=\"(max-width: 300px) 100vw, 300px\" \/><\/div>\n\t\t<\/a>\n\t\t\t\t<div class=\"elementor-post__text\">\n\t\t\t\t<h3 class=\"elementor-post__title\">\n\t\t\t<a href=\"https:\/\/arrogancemirror.com\/de\/visit-sagittis-malesuada-vestibulum\/\" >\n\t\t\t\tVisit sagittis malesuada vestibulum\t\t\t<\/a>\n\t\t<\/h3>\n\t\t\t\t<div class=\"elementor-post__meta-data\">\n\t\t\t\t\t<span class=\"elementor-post-date\">\n\t\t\tAugust 29, 2024\t\t<\/span>\n\t\t\t\t<\/div>\n\t\t\n\t\t<a class=\"elementor-post__read-more\" href=\"https:\/\/arrogancemirror.com\/de\/visit-sagittis-malesuada-vestibulum\/\" aria-label=\"Read more about Visit sagittis malesuada vestibulum\" tabindex=\"-1\" >\n\t\t\tTov\u00e1bb olvasom  \u00bb\t\t<\/a>\n\n\t\t\t\t<\/div>\n\t\t\t\t<\/article>\n\t\t\t\t<\/div>\n\t\t\n\t\t\t\t\t\t<\/div>\n\t\t\t\t<\/div>\n\t\t\t\t\t<\/div>\n\t\t\t\t<\/div>\n\t\t<div class=\"elementor-element elementor-element-d15c875 e-flex e-con-boxed e-con e-parent\" data-id=\"d15c875\" data-element_type=\"container\">\n\t\t\t\t\t<div class=\"e-con-inner\">\n\t\t\t\t<div class=\"elementor-element elementor-element-650394f elementor-align-center elementor-mobile-align-center elementor-widget elementor-widget-button\" data-id=\"650394f\" data-element_type=\"widget\" data-widget_type=\"button.default\">\n\t\t\t\t<div class=\"elementor-widget-container\">\n\t\t\t\t\t\t\t\t\t<div class=\"elementor-button-wrapper\">\n\t\t\t\t\t<a class=\"elementor-button elementor-button-link elementor-size-sm\" href=\"https:\/\/arrogancemirror.com\/de\/blog\/\">\n\t\t\t\t\t\t<span class=\"elementor-button-content-wrapper\">\n\t\t\t\t\t\t\t\t\t<span class=\"elementor-button-text\">Tov\u00e1bbi cikkek<\/span>\n\t\t\t\t\t<\/span>\n\t\t\t\t\t<\/a>\n\t\t\t\t<\/div>\n\t\t\t\t\t\t\t\t<\/div>\n\t\t\t\t<\/div>\n\t\t\t\t\t<\/div>\n\t\t\t\t<\/div>\n\t\t\t\t<\/div>","protected":false},"excerpt":{"rendered":"<p>Megjelent! Arrogance Mirror Justo habitant at augue ac sed proin consectetur ac urna nisl elit nulla facilisis viverra dolor sagittis nisi risus egestas adipiscing nibh<\/p>","protected":false},"author":1,"featured_media":0,"parent":0,"menu_order":0,"comment_status":"closed","ping_status":"closed","template":"","meta":{"site-sidebar-layout":"no-sidebar","site-content-layout":"page-builder","ast-site-content-layout":"","site-content-style":"default","site-sidebar-style":"default","ast-global-header-display":"","ast-banner-title-visibility":"","ast-main-header-display":"","ast-hfb-above-header-display":"","ast-hfb-below-header-display":"","ast-hfb-mobile-header-display":"","site-post-title":"disabled","ast-breadcrumbs-content":"disabled","ast-featured-img":"disabled","footer-sml-layout":"","theme-transparent-header-meta":"enabled","adv-header-id-meta":"","stick-header-meta":"","header-above-stick-meta":"","header-main-stick-meta":"","header-below-stick-meta":"","astra-migrate-meta-layouts":"default","ast-page-background-enabled":"default","ast-page-background-meta":{"desktop":{"background-color":"","background-image":"","background-repeat":"repeat","background-position":"center center","background-size":"auto","background-attachment":"scroll","background-type":"","background-media":"","overlay-type":"","overlay-color":"","overlay-opacity":"","overlay-gradient":""},"tablet":{"background-color":"","background-image":"","background-repeat":"repeat","background-position":"center center","background-size":"auto","background-attachment":"scroll","background-type":"","background-media":"","overlay-type":"","overlay-color":"","overlay-opacity":"","overlay-gradient":""},"mobile":{"background-color":"","background-image":"","background-repeat":"repeat","background-position":"center center","background-size":"auto","background-attachment":"scroll","background-type":"","background-media":"","overlay-type":"","overlay-color":"","overlay-opacity":"","overlay-gradient":""}},"ast-content-background-meta":{"desktop":{"background-color":"var(--ast-global-color-5)","background-image":"","background-repeat":"repeat","background-position":"center center","background-size":"auto","background-attachment":"scroll","background-type":"","background-media":"","overlay-type":"","overlay-color":"","overlay-opacity":"","overlay-gradient":""},"tablet":{"background-color":"var(--ast-global-color-5)","background-image":"","background-repeat":"repeat","background-position":"center center","background-size":"auto","background-attachment":"scroll","background-type":"","background-media":"","overlay-type":"","overlay-color":"","overlay-opacity":"","overlay-gradient":""},"mobile":{"background-color":"var(--ast-global-color-5)","background-image":"","background-repeat":"repeat","background-position":"center center","background-size":"auto","background-attachment":"scroll","background-type":"","background-media":"","overlay-type":"","overlay-color":"","overlay-opacity":"","overlay-gradient":""}},"footnotes":""},"class_list":["post-28","page","type-page","status-publish","hentry"],"_links":{"self":[{"href":"https:\/\/arrogancemirror.com\/de\/wp-json\/wp\/v2\/pages\/28"}],"collection":[{"href":"https:\/\/arrogancemirror.com\/de\/wp-json\/wp\/v2\/pages"}],"about":[{"href":"https:\/\/arrogancemirror.com\/de\/wp-json\/wp\/v2\/types\/page"}],"author":[{"embeddable":true,"href":"https:\/\/arrogancemirror.com\/de\/wp-json\/wp\/v2\/users\/1"}],"replies":[{"embeddable":true,"href":"https:\/\/arrogancemirror.com\/de\/wp-json\/wp\/v2\/comments?post=28"}],"version-history":[{"count":59,"href":"https:\/\/arrogancemirror.com\/de\/wp-json\/wp\/v2\/pages\/28\/revisions"}],"predecessor-version":[{"id":1173,"href":"https:\/\/arrogancemirror.com\/de\/wp-json\/wp\/v2\/pages\/28\/revisions\/1173"}],"wp:attachment":[{"href":"https:\/\/arrogancemirror.com\/de\/wp-json\/wp\/v2\/media?parent=28"}],"curies":[{"name":"wp","href":"https:\/\/api.w.org\/{rel}","templated":true}]}}